{"id":149,"date":"2024-05-08T14:00:15","date_gmt":"2024-05-08T18:00:15","guid":{"rendered":"https:\/\/naturhaie.ca\/index.php\/services\/"},"modified":"2025-05-18T08:54:38","modified_gmt":"2025-05-18T12:54:38","slug":"realisations","status":"publish","type":"page","link":"https:\/\/naturhaie.ca\/index.php\/realisations\/","title":{"rendered":"R\u00c9ALISATIONS"},"content":{"rendered":"\t\t<div data-elementor-type=\"wp-page\" data-elementor-id=\"149\" class=\"elementor elementor-149\" data-elementor-post-type=\"page\">\n\t\t\t\t<div class=\"elementor-element elementor-element-2ad6ee36 e-con-full e-flex e-con e-parent\" data-id=\"2ad6ee36\" data-element_type=\"container\" data-e-type=\"container\">\n\t\t<div class=\"elementor-element elementor-element-51f26f3d e-con-full e-flex e-con e-child\" data-id=\"51f26f3d\" data-element_type=\"container\" data-e-type=\"container\" data-settings=\"{&quot;background_background&quot;:&quot;classic&quot;}\">\n\t\t\t\t<\/div>\n\t\t<div class=\"elementor-element elementor-element-3fe329d7 e-con-full e-flex e-con e-child\" data-id=\"3fe329d7\" data-element_type=\"container\" data-e-type=\"container\">\n\t\t\t\t<div class=\"elementor-element elementor-element-442fdf01 elementor-widget elementor-widget-heading\" data-id=\"442fdf01\" data-element_type=\"widget\" data-e-type=\"widget\" data-widget_type=\"heading.default\">\n\t\t\t\t<div class=\"elementor-widget-container\">\n\t\t\t\t\t<h1 class=\"elementor-heading-title elementor-size-default\">NOS R\u00c9ALISATIONS<\/h1>\t\t\t\t<\/div>\n\t\t\t\t<\/div>\n\t\t\t\t<div class=\"elementor-element elementor-element-4375cc56 elementor-widget elementor-widget-text-editor\" data-id=\"4375cc56\" data-element_type=\"widget\" data-e-type=\"widget\" data-widget_type=\"text-editor.default\">\n\t\t\t\t<div class=\"elementor-widget-container\">\n\t\t\t\t\t\t\t\t\t<p>Chez <strong>NaturHaie<\/strong>, nous sommes les sp\u00e9cialistes de la taille de haies de c\u00e8dres sur la Rive-Sud de Montr\u00e9al.<\/p><p>Nous offrons un service professionnel, rapide et soign\u00e9, adapt\u00e9 \u00e0 chaque propri\u00e9t\u00e9.<\/p><p>Nos r\u00e9alisations en taille de haies mettent en valeur notre savoir-faire: des coupes nettes, une sym\u00e9trie parfaite et un attention m\u00e9ticuleuse.<\/p><p>Que votre haie de c\u00e8dre soit mature ou n\u00e9glig\u00e9e, nous lui redonnons sa forme et sa vigueur.<\/p><p>Nos services de taille de haie de c\u00e8dres sur la Rive-Sud comprennent:<\/p><ul><li>Taille de haie r\u00e9sidentielle et commerciale<\/li><li>Taille d&rsquo;entretien r\u00e9guli\u00e8re pour une haie dense et bien form\u00e9e<\/li><li>Taille de restructuration pour haies trop hautes ou d\u00e9garnies<\/li><li>Nettoyage complet des d\u00e9bris apr\u00e8s chaque intervention<\/li><li>\u00c9valuation gratuite et conseils personnalis\u00e9s selon votre terrain<\/li><\/ul><p>Nous utilisons des \u00e9quipements professionnels pour garantir un r\u00e9sultat soign\u00e9, s\u00e9curitaire et durable.<\/p><p>Gr\u00e2ce \u00e0 notre exp\u00e9rience et \u00e0 notre service client de proximit\u00e9, nous sommes un r\u00e9f\u00e9rent en entretien de haies de c\u00e8dre en Mont\u00e9r\u00e9gie.<\/p><p>D\u00e9couvrez en image nos r\u00e9alisation de taille de haie et voyez comment <strong>NaturHaie<\/strong> transforme vos haies de c\u00e8dre pour am\u00e9liorer l&rsquo;esth\u00e9tisme et la valeur de votre terrain et de votre propri\u00e9t\u00e9.<\/p><p>Plus de 10 ans d&rsquo;exp\u00e9rience. Votre satisfaction est notre priorit\u00e9.<\/p>\t\t\t\t\t\t\t\t<\/div>\n\t\t\t\t<\/div>\n\t\t\t\t<\/div>\n\t\t\t\t<\/div>\n\t\t<div class=\"elementor-element elementor-element-8770dc1 e-flex e-con-boxed e-con e-parent\" data-id=\"8770dc1\" data-element_type=\"container\" data-e-type=\"container\">\n\t\t\t\t\t<div class=\"e-con-inner\">\n\t\t\t\t<div class=\"elementor-element elementor-element-11bfefa elementor-widget elementor-widget-image\" data-id=\"11bfefa\" data-element_type=\"widget\" data-e-type=\"widget\" data-widget_type=\"image.default\">\n\t\t\t\t<div class=\"elementor-widget-container\">\n\t\t\t\t\t\t\t\t\t\t\t\t\t\t\t<img fetchpriority=\"high\" decoding=\"async\" width=\"1200\" height=\"900\" src=\"https:\/\/naturhaie.ca\/wp-content\/uploads\/2024\/05\/naturhaie_realisation4.jpg\" class=\"attachment-1536x1536 size-1536x1536 wp-image-395\" alt=\"\" srcset=\"https:\/\/naturhaie.ca\/wp-content\/uploads\/2024\/05\/naturhaie_realisation4.jpg 1200w, https:\/\/naturhaie.ca\/wp-content\/uploads\/2024\/05\/naturhaie_realisation4-300x225.jpg 300w, https:\/\/naturhaie.ca\/wp-content\/uploads\/2024\/05\/naturhaie_realisation4-1024x768.jpg 1024w, https:\/\/naturhaie.ca\/wp-content\/uploads\/2024\/05\/naturhaie_realisation4-768x576.jpg 768w\" sizes=\"(max-width: 1200px) 100vw, 1200px\" \/>\t\t\t\t\t\t\t\t\t\t\t\t\t\t\t<\/div>\n\t\t\t\t<\/div>\n\t\t\t\t\t<\/div>\n\t\t\t\t<\/div>\n\t\t<div class=\"elementor-element elementor-element-37d8fce e-flex e-con-boxed e-con e-parent\" data-id=\"37d8fce\" data-element_type=\"container\" data-e-type=\"container\">\n\t\t\t\t\t<div class=\"e-con-inner\">\n\t\t\t\t<div class=\"elementor-element elementor-element-0a1290c elementor-widget elementor-widget-image\" data-id=\"0a1290c\" data-element_type=\"widget\" data-e-type=\"widget\" data-widget_type=\"image.default\">\n\t\t\t\t<div class=\"elementor-widget-container\">\n\t\t\t\t\t\t\t\t\t\t\t\t\t\t\t<img decoding=\"async\" width=\"1200\" height=\"900\" src=\"https:\/\/naturhaie.ca\/wp-content\/uploads\/2024\/05\/naturhaie_realisation11.jpg\" class=\"attachment-1536x1536 size-1536x1536 wp-image-401\" alt=\"\" srcset=\"https:\/\/naturhaie.ca\/wp-content\/uploads\/2024\/05\/naturhaie_realisation11.jpg 1200w, https:\/\/naturhaie.ca\/wp-content\/uploads\/2024\/05\/naturhaie_realisation11-300x225.jpg 300w, https:\/\/naturhaie.ca\/wp-content\/uploads\/2024\/05\/naturhaie_realisation11-1024x768.jpg 1024w, https:\/\/naturhaie.ca\/wp-content\/uploads\/2024\/05\/naturhaie_realisation11-768x576.jpg 768w\" sizes=\"(max-width: 1200px) 100vw, 1200px\" \/>\t\t\t\t\t\t\t\t\t\t\t\t\t\t\t<\/div>\n\t\t\t\t<\/div>\n\t\t\t\t<div class=\"elementor-element elementor-element-f380aa9 elementor-widget elementor-widget-image\" data-id=\"f380aa9\" data-element_type=\"widget\" data-e-type=\"widget\" data-widget_type=\"image.default\">\n\t\t\t\t<div class=\"elementor-widget-container\">\n\t\t\t\t\t\t\t\t\t\t\t\t\t\t\t<img decoding=\"async\" width=\"1200\" height=\"650\" src=\"https:\/\/naturhaie.ca\/wp-content\/uploads\/2024\/05\/naturhaie4.jpg\" class=\"attachment-1536x1536 size-1536x1536 wp-image-391\" alt=\"\" srcset=\"https:\/\/naturhaie.ca\/wp-content\/uploads\/2024\/05\/naturhaie4.jpg 1200w, https:\/\/naturhaie.ca\/wp-content\/uploads\/2024\/05\/naturhaie4-300x163.jpg 300w, https:\/\/naturhaie.ca\/wp-content\/uploads\/2024\/05\/naturhaie4-1024x555.jpg 1024w, https:\/\/naturhaie.ca\/wp-content\/uploads\/2024\/05\/naturhaie4-768x416.jpg 768w\" sizes=\"(max-width: 1200px) 100vw, 1200px\" \/>\t\t\t\t\t\t\t\t\t\t\t\t\t\t\t<\/div>\n\t\t\t\t<\/div>\n\t\t\t\t<div class=\"elementor-element elementor-element-768d42a elementor-widget elementor-widget-image\" data-id=\"768d42a\" data-element_type=\"widget\" data-e-type=\"widget\" data-widget_type=\"image.default\">\n\t\t\t\t<div class=\"elementor-widget-container\">\n\t\t\t\t\t\t\t\t\t\t\t\t\t\t\t<img loading=\"lazy\" decoding=\"async\" width=\"1200\" height=\"900\" src=\"https:\/\/naturhaie.ca\/wp-content\/uploads\/2024\/05\/naturhaie_realisation2.jpg\" class=\"attachment-1536x1536 size-1536x1536 wp-image-393\" alt=\"\" srcset=\"https:\/\/naturhaie.ca\/wp-content\/uploads\/2024\/05\/naturhaie_realisation2.jpg 1200w, https:\/\/naturhaie.ca\/wp-content\/uploads\/2024\/05\/naturhaie_realisation2-300x225.jpg 300w, https:\/\/naturhaie.ca\/wp-content\/uploads\/2024\/05\/naturhaie_realisation2-1024x768.jpg 1024w, https:\/\/naturhaie.ca\/wp-content\/uploads\/2024\/05\/naturhaie_realisation2-768x576.jpg 768w\" sizes=\"(max-width: 1200px) 100vw, 1200px\" \/>\t\t\t\t\t\t\t\t\t\t\t\t\t\t\t<\/div>\n\t\t\t\t<\/div>\n\t\t\t\t<div class=\"elementor-element elementor-element-9cc55e2 elementor-widget elementor-widget-image\" data-id=\"9cc55e2\" data-element_type=\"widget\" data-e-type=\"widget\" data-widget_type=\"image.default\">\n\t\t\t\t<div class=\"elementor-widget-container\">\n\t\t\t\t\t\t\t\t\t\t\t\t\t\t\t<img loading=\"lazy\" decoding=\"async\" width=\"1200\" height=\"900\" src=\"https:\/\/naturhaie.ca\/wp-content\/uploads\/2025\/05\/naturhaie_taille_de_haies_de_cedre_Longueuil_Boucherville_Beloeil_Rive-Sud_Montreal_Monteregie_realisation15.jpeg\" class=\"attachment-1536x1536 size-1536x1536 wp-image-506\" alt=\"\" srcset=\"https:\/\/naturhaie.ca\/wp-content\/uploads\/2025\/05\/naturhaie_taille_de_haies_de_cedre_Longueuil_Boucherville_Beloeil_Rive-Sud_Montreal_Monteregie_realisation15.jpeg 1200w, https:\/\/naturhaie.ca\/wp-content\/uploads\/2025\/05\/naturhaie_taille_de_haies_de_cedre_Longueuil_Boucherville_Beloeil_Rive-Sud_Montreal_Monteregie_realisation15-300x225.jpeg 300w, https:\/\/naturhaie.ca\/wp-content\/uploads\/2025\/05\/naturhaie_taille_de_haies_de_cedre_Longueuil_Boucherville_Beloeil_Rive-Sud_Montreal_Monteregie_realisation15-1024x768.jpeg 1024w, https:\/\/naturhaie.ca\/wp-content\/uploads\/2025\/05\/naturhaie_taille_de_haies_de_cedre_Longueuil_Boucherville_Beloeil_Rive-Sud_Montreal_Monteregie_realisation15-768x576.jpeg 768w\" sizes=\"(max-width: 1200px) 100vw, 1200px\" \/>\t\t\t\t\t\t\t\t\t\t\t\t\t\t\t<\/div>\n\t\t\t\t<\/div>\n\t\t\t\t<div class=\"elementor-element elementor-element-d12ef42 elementor-widget elementor-widget-image\" data-id=\"d12ef42\" data-element_type=\"widget\" data-e-type=\"widget\" data-widget_type=\"image.default\">\n\t\t\t\t<div class=\"elementor-widget-container\">\n\t\t\t\t\t\t\t\t\t\t\t\t\t\t\t<img loading=\"lazy\" decoding=\"async\" width=\"1200\" height=\"900\" src=\"https:\/\/naturhaie.ca\/wp-content\/uploads\/2025\/05\/naturhaie_taille_de_haies_de_cedre_Longueuil_Boucherville_Beloeil_Rive-Sud_Montreal_Monteregie_realisation16.jpeg\" class=\"attachment-1536x1536 size-1536x1536 wp-image-507\" alt=\"\" srcset=\"https:\/\/naturhaie.ca\/wp-content\/uploads\/2025\/05\/naturhaie_taille_de_haies_de_cedre_Longueuil_Boucherville_Beloeil_Rive-Sud_Montreal_Monteregie_realisation16.jpeg 1200w, https:\/\/naturhaie.ca\/wp-content\/uploads\/2025\/05\/naturhaie_taille_de_haies_de_cedre_Longueuil_Boucherville_Beloeil_Rive-Sud_Montreal_Monteregie_realisation16-300x225.jpeg 300w, https:\/\/naturhaie.ca\/wp-content\/uploads\/2025\/05\/naturhaie_taille_de_haies_de_cedre_Longueuil_Boucherville_Beloeil_Rive-Sud_Montreal_Monteregie_realisation16-1024x768.jpeg 1024w, https:\/\/naturhaie.ca\/wp-content\/uploads\/2025\/05\/naturhaie_taille_de_haies_de_cedre_Longueuil_Boucherville_Beloeil_Rive-Sud_Montreal_Monteregie_realisation16-768x576.jpeg 768w\" sizes=\"(max-width: 1200px) 100vw, 1200px\" \/>\t\t\t\t\t\t\t\t\t\t\t\t\t\t\t<\/div>\n\t\t\t\t<\/div>\n\t\t\t\t<div class=\"elementor-element elementor-element-c0f2d07 elementor-widget elementor-widget-image\" data-id=\"c0f2d07\" data-element_type=\"widget\" data-e-type=\"widget\" data-widget_type=\"image.default\">\n\t\t\t\t<div class=\"elementor-widget-container\">\n\t\t\t\t\t\t\t\t\t\t\t\t\t\t\t<img loading=\"lazy\" decoding=\"async\" width=\"1400\" height=\"900\" src=\"https:\/\/naturhaie.ca\/wp-content\/uploads\/2025\/05\/naturhaie_taille_de_haies_de_cedre_Longueuil_Boucherville_Beloeil_Rive-Sud_Montreal_Monteregie_realisation17.jpeg\" class=\"attachment-1536x1536 size-1536x1536 wp-image-508\" alt=\"\" srcset=\"https:\/\/naturhaie.ca\/wp-content\/uploads\/2025\/05\/naturhaie_taille_de_haies_de_cedre_Longueuil_Boucherville_Beloeil_Rive-Sud_Montreal_Monteregie_realisation17.jpeg 1400w, https:\/\/naturhaie.ca\/wp-content\/uploads\/2025\/05\/naturhaie_taille_de_haies_de_cedre_Longueuil_Boucherville_Beloeil_Rive-Sud_Montreal_Monteregie_realisation17-300x193.jpeg 300w, https:\/\/naturhaie.ca\/wp-content\/uploads\/2025\/05\/naturhaie_taille_de_haies_de_cedre_Longueuil_Boucherville_Beloeil_Rive-Sud_Montreal_Monteregie_realisation17-1024x658.jpeg 1024w, https:\/\/naturhaie.ca\/wp-content\/uploads\/2025\/05\/naturhaie_taille_de_haies_de_cedre_Longueuil_Boucherville_Beloeil_Rive-Sud_Montreal_Monteregie_realisation17-768x494.jpeg 768w\" sizes=\"(max-width: 1400px) 100vw, 1400px\" \/>\t\t\t\t\t\t\t\t\t\t\t\t\t\t\t<\/div>\n\t\t\t\t<\/div>\n\t\t\t\t<div class=\"elementor-element elementor-element-c770ee2 elementor-widget elementor-widget-image\" data-id=\"c770ee2\" data-element_type=\"widget\" data-e-type=\"widget\" data-widget_type=\"image.default\">\n\t\t\t\t<div class=\"elementor-widget-container\">\n\t\t\t\t\t\t\t\t\t\t\t\t\t\t\t<img loading=\"lazy\" decoding=\"async\" width=\"1200\" height=\"900\" src=\"https:\/\/naturhaie.ca\/wp-content\/uploads\/2025\/05\/naturhaie_taille_de_haies_de_cedre_Longueuil_Boucherville_Beloeil_Rive-Sud_Montreal_Monteregie_realisation18.jpeg\" class=\"attachment-1536x1536 size-1536x1536 wp-image-509\" alt=\"\" srcset=\"https:\/\/naturhaie.ca\/wp-content\/uploads\/2025\/05\/naturhaie_taille_de_haies_de_cedre_Longueuil_Boucherville_Beloeil_Rive-Sud_Montreal_Monteregie_realisation18.jpeg 1200w, https:\/\/naturhaie.ca\/wp-content\/uploads\/2025\/05\/naturhaie_taille_de_haies_de_cedre_Longueuil_Boucherville_Beloeil_Rive-Sud_Montreal_Monteregie_realisation18-300x225.jpeg 300w, https:\/\/naturhaie.ca\/wp-content\/uploads\/2025\/05\/naturhaie_taille_de_haies_de_cedre_Longueuil_Boucherville_Beloeil_Rive-Sud_Montreal_Monteregie_realisation18-1024x768.jpeg 1024w, https:\/\/naturhaie.ca\/wp-content\/uploads\/2025\/05\/naturhaie_taille_de_haies_de_cedre_Longueuil_Boucherville_Beloeil_Rive-Sud_Montreal_Monteregie_realisation18-768x576.jpeg 768w\" sizes=\"(max-width: 1200px) 100vw, 1200px\" \/>\t\t\t\t\t\t\t\t\t\t\t\t\t\t\t<\/div>\n\t\t\t\t<\/div>\n\t\t\t\t\t<\/div>\n\t\t\t\t<\/div>\n\t\t\t\t<\/div>\n\t\t","protected":false},"excerpt":{"rendered":"<p>NOS R\u00c9ALISATIONS Chez NaturHaie, nous sommes les sp\u00e9cialistes de la taille de haies de c\u00e8dres sur la Rive-Sud de Montr\u00e9al. Nous offrons un service professionnel, rapide et soign\u00e9, adapt\u00e9 \u00e0 chaque propri\u00e9t\u00e9. Nos r\u00e9alisations en taille de haies mettent en valeur notre savoir-faire: des coupes nettes, une sym\u00e9trie parfaite et un attention m\u00e9ticuleuse. Que votre [&hellip;]<\/p>\n","protected":false},"author":2,"featured_media":0,"parent":0,"menu_order":0,"comment_status":"closed","ping_status":"closed","template":"elementor_header_footer","meta":{"footnotes":""},"class_list":["post-149","page","type-page","status-publish","hentry"],"yoast_head":"<!-- This site is optimized with the Yoast SEO plugin v27.4 - https:\/\/yoast.com\/product\/yoast-seo-wordpress\/ -->\n<title>R\u00c9ALISATIONS - NaturHaie<\/title>\n<meta name=\"robots\" content=\"index, follow, max-snippet:-1, max-image-preview:large, max-video-preview:-1\" \/>\n<link rel=\"canonical\" href=\"https:\/\/naturhaie.ca\/index.php\/realisations\/\" \/>\n<meta property=\"og:locale\" content=\"fr_CA\" \/>\n<meta property=\"og:type\" content=\"article\" \/>\n<meta property=\"og:title\" content=\"R\u00c9ALISATIONS - NaturHaie\" \/>\n<meta property=\"og:description\" content=\"NOS R\u00c9ALISATIONS Chez NaturHaie, nous sommes les sp\u00e9cialistes de la taille de haies de c\u00e8dres sur la Rive-Sud de Montr\u00e9al. Nous offrons un service professionnel, rapide et soign\u00e9, adapt\u00e9 \u00e0 chaque propri\u00e9t\u00e9. Nos r\u00e9alisations en taille de haies mettent en valeur notre savoir-faire: des coupes nettes, une sym\u00e9trie parfaite et un attention m\u00e9ticuleuse. Que votre [&hellip;]\" \/>\n<meta property=\"og:url\" content=\"https:\/\/naturhaie.ca\/index.php\/realisations\/\" \/>\n<meta property=\"og:site_name\" content=\"NaturHaie\" \/>\n<meta property=\"article:publisher\" content=\"https:\/\/www.facebook.com\/people\/NaturHaie\/100090259251218\/\" \/>\n<meta property=\"article:modified_time\" content=\"2025-05-18T12:54:38+00:00\" \/>\n<meta property=\"og:image\" content=\"https:\/\/naturhaie.ca\/wp-content\/uploads\/2024\/05\/naturhaie_realisation4.jpg\" \/>\n\t<meta property=\"og:image:width\" content=\"1200\" \/>\n\t<meta property=\"og:image:height\" content=\"900\" \/>\n\t<meta property=\"og:image:type\" content=\"image\/jpeg\" \/>\n<meta name=\"twitter:card\" content=\"summary_large_image\" \/>\n<meta name=\"twitter:label1\" content=\"Estimation du temps de lecture\" \/>\n\t<meta name=\"twitter:data1\" content=\"2 minutes\" \/>\n<script type=\"application\/ld+json\" class=\"yoast-schema-graph\">{\"@context\":\"https:\\\/\\\/schema.org\",\"@graph\":[{\"@type\":\"WebPage\",\"@id\":\"https:\\\/\\\/naturhaie.ca\\\/index.php\\\/realisations\\\/\",\"url\":\"https:\\\/\\\/naturhaie.ca\\\/index.php\\\/realisations\\\/\",\"name\":\"R\u00c9ALISATIONS - NaturHaie\",\"isPartOf\":{\"@id\":\"https:\\\/\\\/naturhaie.ca\\\/#website\"},\"primaryImageOfPage\":{\"@id\":\"https:\\\/\\\/naturhaie.ca\\\/index.php\\\/realisations\\\/#primaryimage\"},\"image\":{\"@id\":\"https:\\\/\\\/naturhaie.ca\\\/index.php\\\/realisations\\\/#primaryimage\"},\"thumbnailUrl\":\"https:\\\/\\\/naturhaie.ca\\\/wp-content\\\/uploads\\\/2024\\\/05\\\/naturhaie_realisation4.jpg\",\"datePublished\":\"2024-05-08T18:00:15+00:00\",\"dateModified\":\"2025-05-18T12:54:38+00:00\",\"breadcrumb\":{\"@id\":\"https:\\\/\\\/naturhaie.ca\\\/index.php\\\/realisations\\\/#breadcrumb\"},\"inLanguage\":\"fr-CA\",\"potentialAction\":[{\"@type\":\"ReadAction\",\"target\":[\"https:\\\/\\\/naturhaie.ca\\\/index.php\\\/realisations\\\/\"]}]},{\"@type\":\"ImageObject\",\"inLanguage\":\"fr-CA\",\"@id\":\"https:\\\/\\\/naturhaie.ca\\\/index.php\\\/realisations\\\/#primaryimage\",\"url\":\"https:\\\/\\\/naturhaie.ca\\\/wp-content\\\/uploads\\\/2024\\\/05\\\/naturhaie_realisation4.jpg\",\"contentUrl\":\"https:\\\/\\\/naturhaie.ca\\\/wp-content\\\/uploads\\\/2024\\\/05\\\/naturhaie_realisation4.jpg\",\"width\":1200,\"height\":900},{\"@type\":\"BreadcrumbList\",\"@id\":\"https:\\\/\\\/naturhaie.ca\\\/index.php\\\/realisations\\\/#breadcrumb\",\"itemListElement\":[{\"@type\":\"ListItem\",\"position\":1,\"name\":\"Accueil\",\"item\":\"https:\\\/\\\/naturhaie.ca\\\/\"},{\"@type\":\"ListItem\",\"position\":2,\"name\":\"R\u00c9ALISATIONS\"}]},{\"@type\":\"WebSite\",\"@id\":\"https:\\\/\\\/naturhaie.ca\\\/#website\",\"url\":\"https:\\\/\\\/naturhaie.ca\\\/\",\"name\":\"NaturHaie\",\"description\":\"Taille de haies, arbustes et arbres fruitiers\",\"publisher\":{\"@id\":\"https:\\\/\\\/naturhaie.ca\\\/#organization\"},\"alternateName\":\"NaturHaie\",\"potentialAction\":[{\"@type\":\"SearchAction\",\"target\":{\"@type\":\"EntryPoint\",\"urlTemplate\":\"https:\\\/\\\/naturhaie.ca\\\/?s={search_term_string}\"},\"query-input\":{\"@type\":\"PropertyValueSpecification\",\"valueRequired\":true,\"valueName\":\"search_term_string\"}}],\"inLanguage\":\"fr-CA\"},{\"@type\":\"Organization\",\"@id\":\"https:\\\/\\\/naturhaie.ca\\\/#organization\",\"name\":\"NaturHaie\",\"alternateName\":\"NaturHaie\",\"url\":\"https:\\\/\\\/naturhaie.ca\\\/\",\"logo\":{\"@type\":\"ImageObject\",\"inLanguage\":\"fr-CA\",\"@id\":\"https:\\\/\\\/naturhaie.ca\\\/#\\\/schema\\\/logo\\\/image\\\/\",\"url\":\"https:\\\/\\\/naturhaie.ca\\\/wp-content\\\/uploads\\\/2024\\\/05\\\/NaturHaie_Logo.jpg\",\"contentUrl\":\"https:\\\/\\\/naturhaie.ca\\\/wp-content\\\/uploads\\\/2024\\\/05\\\/NaturHaie_Logo.jpg\",\"width\":1200,\"height\":271,\"caption\":\"NaturHaie\"},\"image\":{\"@id\":\"https:\\\/\\\/naturhaie.ca\\\/#\\\/schema\\\/logo\\\/image\\\/\"},\"sameAs\":[\"https:\\\/\\\/www.facebook.com\\\/people\\\/NaturHaie\\\/100090259251218\\\/\"]}]}<\/script>\n<!-- \/ Yoast SEO plugin. -->","yoast_head_json":{"title":"R\u00c9ALISATIONS - NaturHaie","robots":{"index":"index","follow":"follow","max-snippet":"max-snippet:-1","max-image-preview":"max-image-preview:large","max-video-preview":"max-video-preview:-1"},"canonical":"https:\/\/naturhaie.ca\/index.php\/realisations\/","og_locale":"fr_CA","og_type":"article","og_title":"R\u00c9ALISATIONS - NaturHaie","og_description":"NOS R\u00c9ALISATIONS Chez NaturHaie, nous sommes les sp\u00e9cialistes de la taille de haies de c\u00e8dres sur la Rive-Sud de Montr\u00e9al. Nous offrons un service professionnel, rapide et soign\u00e9, adapt\u00e9 \u00e0 chaque propri\u00e9t\u00e9. Nos r\u00e9alisations en taille de haies mettent en valeur notre savoir-faire: des coupes nettes, une sym\u00e9trie parfaite et un attention m\u00e9ticuleuse. Que votre [&hellip;]","og_url":"https:\/\/naturhaie.ca\/index.php\/realisations\/","og_site_name":"NaturHaie","article_publisher":"https:\/\/www.facebook.com\/people\/NaturHaie\/100090259251218\/","article_modified_time":"2025-05-18T12:54:38+00:00","og_image":[{"width":1200,"height":900,"url":"https:\/\/naturhaie.ca\/wp-content\/uploads\/2024\/05\/naturhaie_realisation4.jpg","type":"image\/jpeg"}],"twitter_card":"summary_large_image","twitter_misc":{"Estimation du temps de lecture":"2 minutes"},"schema":{"@context":"https:\/\/schema.org","@graph":[{"@type":"WebPage","@id":"https:\/\/naturhaie.ca\/index.php\/realisations\/","url":"https:\/\/naturhaie.ca\/index.php\/realisations\/","name":"R\u00c9ALISATIONS - NaturHaie","isPartOf":{"@id":"https:\/\/naturhaie.ca\/#website"},"primaryImageOfPage":{"@id":"https:\/\/naturhaie.ca\/index.php\/realisations\/#primaryimage"},"image":{"@id":"https:\/\/naturhaie.ca\/index.php\/realisations\/#primaryimage"},"thumbnailUrl":"https:\/\/naturhaie.ca\/wp-content\/uploads\/2024\/05\/naturhaie_realisation4.jpg","datePublished":"2024-05-08T18:00:15+00:00","dateModified":"2025-05-18T12:54:38+00:00","breadcrumb":{"@id":"https:\/\/naturhaie.ca\/index.php\/realisations\/#breadcrumb"},"inLanguage":"fr-CA","potentialAction":[{"@type":"ReadAction","target":["https:\/\/naturhaie.ca\/index.php\/realisations\/"]}]},{"@type":"ImageObject","inLanguage":"fr-CA","@id":"https:\/\/naturhaie.ca\/index.php\/realisations\/#primaryimage","url":"https:\/\/naturhaie.ca\/wp-content\/uploads\/2024\/05\/naturhaie_realisation4.jpg","contentUrl":"https:\/\/naturhaie.ca\/wp-content\/uploads\/2024\/05\/naturhaie_realisation4.jpg","width":1200,"height":900},{"@type":"BreadcrumbList","@id":"https:\/\/naturhaie.ca\/index.php\/realisations\/#breadcrumb","itemListElement":[{"@type":"ListItem","position":1,"name":"Accueil","item":"https:\/\/naturhaie.ca\/"},{"@type":"ListItem","position":2,"name":"R\u00c9ALISATIONS"}]},{"@type":"WebSite","@id":"https:\/\/naturhaie.ca\/#website","url":"https:\/\/naturhaie.ca\/","name":"NaturHaie","description":"Taille de haies, arbustes et arbres fruitiers","publisher":{"@id":"https:\/\/naturhaie.ca\/#organization"},"alternateName":"NaturHaie","potentialAction":[{"@type":"SearchAction","target":{"@type":"EntryPoint","urlTemplate":"https:\/\/naturhaie.ca\/?s={search_term_string}"},"query-input":{"@type":"PropertyValueSpecification","valueRequired":true,"valueName":"search_term_string"}}],"inLanguage":"fr-CA"},{"@type":"Organization","@id":"https:\/\/naturhaie.ca\/#organization","name":"NaturHaie","alternateName":"NaturHaie","url":"https:\/\/naturhaie.ca\/","logo":{"@type":"ImageObject","inLanguage":"fr-CA","@id":"https:\/\/naturhaie.ca\/#\/schema\/logo\/image\/","url":"https:\/\/naturhaie.ca\/wp-content\/uploads\/2024\/05\/NaturHaie_Logo.jpg","contentUrl":"https:\/\/naturhaie.ca\/wp-content\/uploads\/2024\/05\/NaturHaie_Logo.jpg","width":1200,"height":271,"caption":"NaturHaie"},"image":{"@id":"https:\/\/naturhaie.ca\/#\/schema\/logo\/image\/"},"sameAs":["https:\/\/www.facebook.com\/people\/NaturHaie\/100090259251218\/"]}]}},"_links":{"self":[{"href":"https:\/\/naturhaie.ca\/index.php\/wp-json\/wp\/v2\/pages\/149","targetHints":{"allow":["GET"]}}],"collection":[{"href":"https:\/\/naturhaie.ca\/index.php\/wp-json\/wp\/v2\/pages"}],"about":[{"href":"https:\/\/naturhaie.ca\/index.php\/wp-json\/wp\/v2\/types\/page"}],"author":[{"embeddable":true,"href":"https:\/\/naturhaie.ca\/index.php\/wp-json\/wp\/v2\/users\/2"}],"replies":[{"embeddable":true,"href":"https:\/\/naturhaie.ca\/index.php\/wp-json\/wp\/v2\/comments?post=149"}],"version-history":[{"count":41,"href":"https:\/\/naturhaie.ca\/index.php\/wp-json\/wp\/v2\/pages\/149\/revisions"}],"predecessor-version":[{"id":530,"href":"https:\/\/naturhaie.ca\/index.php\/wp-json\/wp\/v2\/pages\/149\/revisions\/530"}],"wp:attachment":[{"href":"https:\/\/naturhaie.ca\/index.php\/wp-json\/wp\/v2\/media?parent=149"}],"curies":[{"name":"wp","href":"https:\/\/api.w.org\/{rel}","templated":true}]}}